{"id":3,"date":"2022-07-07T10:51:18","date_gmt":"2022-07-07T10:51:18","guid":{"rendered":"https:\/\/freightol.com\/?page_id=3"},"modified":"2022-07-18T17:34:43","modified_gmt":"2022-07-18T17:34:43","slug":"privacy-policy","status":"publish","type":"page","link":"https:\/\/freightol.com\/en\/privacy-policy\/","title":{"rendered":"Privacy Policy"},"content":{"rendered":"<div data-elementor-type=\"wp-page\" data-elementor-id=\"3\" class=\"elementor elementor-3\">\n\t\t\t\t\t\t<section class=\"elementor-section elementor-top-section elementor-element elementor-element-f842490 elementor-section-boxed elementor-section-height-default elementor-section-height-default\" data-id=\"f842490\" data-element_type=\"section\">\n\t\t\t\t\t\t<div class=\"elementor-container elementor-column-gap-default\">\n\t\t\t\t\t<div class=\"elementor-column elementor-col-100 elementor-top-column elementor-element elementor-element-0baa4e2\" data-id=\"0baa4e2\" data-element_type=\"column\">\n\t\t\t<div class=\"elementor-widget-wrap elementor-element-populated\">\n\t\t\t\t\t\t<div class=\"elementor-element elementor-element-17d6094 elementor-widget elementor-widget-heading\" data-id=\"17d6094\" data-element_type=\"widget\" data-widget_type=\"heading.default\">\n\t\t\t\t<div class=\"elementor-widget-container\">\n\t\t\t<style>\/*! elementor - v3.21.0 - 26-05-2024 *\/\n.elementor-heading-title{padding:0;margin:0;line-height:1}.elementor-widget-heading .elementor-heading-title[class*=elementor-size-]>a{color:inherit;font-size:inherit;line-height:inherit}.elementor-widget-heading .elementor-heading-title.elementor-size-small{font-size:15px}.elementor-widget-heading .elementor-heading-title.elementor-size-medium{font-size:19px}.elementor-widget-heading .elementor-heading-title.elementor-size-large{font-size:29px}.elementor-widget-heading .elementor-heading-title.elementor-size-xl{font-size:39px}.elementor-widget-heading .elementor-heading-title.elementor-size-xxl{font-size:59px}<\/style><h2 class=\"elementor-heading-title elementor-size-default\">Pol\u00edtica de cookies<\/h2>\t\t<\/div>\n\t\t\t\t<\/div>\n\t\t\t\t<div class=\"elementor-element elementor-element-f52510a elementor-widget elementor-widget-text-editor\" data-id=\"f52510a\" data-element_type=\"widget\" data-widget_type=\"text-editor.default\">\n\t\t\t\t<div class=\"elementor-widget-container\">\n\t\t\t<style>\/*! elementor - v3.21.0 - 26-05-2024 *\/\n.elementor-widget-text-editor.elementor-drop-cap-view-stacked .elementor-drop-cap{background-color:#69727d;color:#fff}.elementor-widget-text-editor.elementor-drop-cap-view-framed .elementor-drop-cap{color:#69727d;border:3px solid;background-color:transparent}.elementor-widget-text-editor:not(.elementor-drop-cap-view-default) .elementor-drop-cap{margin-top:8px}.elementor-widget-text-editor:not(.elementor-drop-cap-view-default) .elementor-drop-cap-letter{width:1em;height:1em}.elementor-widget-text-editor .elementor-drop-cap{float:left;text-align:center;line-height:1;font-size:50px}.elementor-widget-text-editor .elementor-drop-cap-letter{display:inline-block}<\/style>\t\t\t\t<p>La presente pol\u00edtica de cookies tiene como objetivo ayudarte a comprender el uso que hace nuestra web de las cookies (o tecnolog\u00eda similar), la finalidad de las mismas, as\u00ed como de las opciones que, como usuario, tienes a tu disposici\u00f3n para gestionarlas o rechazarlas. Esta pol\u00edtica puede estar sujeta a actualizaciones peri\u00f3dicas.<\/p>\t\t\t\t\t\t<\/div>\n\t\t\t\t<\/div>\n\t\t\t\t<div class=\"elementor-element elementor-element-e581093 elementor-widget elementor-widget-heading\" data-id=\"e581093\" data-element_type=\"widget\" data-widget_type=\"heading.default\">\n\t\t\t\t<div class=\"elementor-widget-container\">\n\t\t\t<h2 class=\"elementor-heading-title elementor-size-default\">\u00bfQU\u00c9 SON LAS COOKIES?<\/h2>\t\t<\/div>\n\t\t\t\t<\/div>\n\t\t\t\t<div class=\"elementor-element elementor-element-2143b71 elementor-widget elementor-widget-text-editor\" data-id=\"2143b71\" data-element_type=\"widget\" data-widget_type=\"text-editor.default\">\n\t\t\t\t<div class=\"elementor-widget-container\">\n\t\t\t\t\t\t\t<p>Una cookie es un archivo de texto muy peque\u00f1o que un servidor Web puede guardar en el disco duro de un equipo para almacenar alg\u00fan tipo de informaci\u00f3n sobre el usuario. La cookie identifica el equipo de forma \u00fanica, y s\u00f3lo puede ser le\u00edda por el sitio Web que lo envi\u00f3 al equipo.<br \/><br \/>Una cookie no es un archivo ejecutable ni un programa y por lo tanto no puede propagar o contener un virus u otro software malicioso, ni puede tener una longitud superior a 4.000 caracteres.<\/p>\t\t\t\t\t\t<\/div>\n\t\t\t\t<\/div>\n\t\t\t\t<div class=\"elementor-element elementor-element-020764a elementor-widget elementor-widget-heading\" data-id=\"020764a\" data-element_type=\"widget\" data-widget_type=\"heading.default\">\n\t\t\t\t<div class=\"elementor-widget-container\">\n\t\t\t<h2 class=\"elementor-heading-title elementor-size-default\">\u00bfPARA QU\u00c9 UTILIZA LAS COOKIES ESTA P\u00c1GINA WEB Y CU\u00c1LES SON?<\/h2>\t\t<\/div>\n\t\t\t\t<\/div>\n\t\t\t\t<div class=\"elementor-element elementor-element-1111212 elementor-widget elementor-widget-text-editor\" data-id=\"1111212\" data-element_type=\"widget\" data-widget_type=\"text-editor.default\">\n\t\t\t\t<div class=\"elementor-widget-container\">\n\t\t\t\t\t\t\t<p>La utilizaci\u00f3n de las cookies tiene como finalidad exclusiva recordar las preferencias del usuario (idioma, pa\u00eds, inicio de sesi\u00f3n, caracter\u00edsticas de su navegador, informaci\u00f3n de uso de nuestra Web, etc.). Recordando sus preferencias no tendremos que, por ejemplo, preguntarle por su pa\u00eds cada vez que visite nuestra Web. Sabremos las caracter\u00edsticas del ordenador que est\u00e1 usando y as\u00ed podremos ofrecerle una mejor experiencia de navegaci\u00f3n. Las cookies pueden ayudar a nuestro sitio Web a distinguir el navegador del usuario como visitante anterior y as\u00ed guardar y recordar las preferencias que puedan haberse establecido mientras el usuario estaba navegando por el sitio, personalizar las p\u00e1ginas de inicio, identificar qu\u00e9 sectores de un sitio han sido visitados o mantener un registro de selecciones en un \u201ccarro de compra\u201d.<br \/><br \/>OLISTIC RESEARCH LABS, S.L puede utilizar las cookies con el objeto de reconocer a los usuarios que se hayan registrado y poder ofrecerles un mejor servicio y m\u00e1s personalizado. Asimismo, pueden ser utilizadas para obtener informaci\u00f3n acerca de la fecha y hora de la \u00faltima visita del usuario, medir algunos par\u00e1metros de tr\u00e1fico dentro del propio site y estimar el n\u00famero de visitas realizadas, de manera que FREIGHTOL, S.L pueda enfocar y ajustar los servicios y promociones de forma m\u00e1s efectiva.<br \/><br \/>Normalmente los sitios Web utilizan las cookies para obtener informaci\u00f3n estad\u00edstica sobre sus p\u00e1ginas Web. Tenga en cuenta que recogemos datos sobre sus movimientos y uso de nuestra Web como datos estad\u00edsticos, no personales. Tipos y finalidades de las cookies.<br \/><br \/>A continuaci\u00f3n, se presenta una lista de las cookies que puede encontrar en nuestro sitio Web y una breve descripci\u00f3n de su finalidad. Le aseguramos que ninguna de ellas conserva informaci\u00f3n de identificaci\u00f3n personal sobre usted. Algunas cookies personalizan su visita, otras recuerdan sus preferencias, mientras que otras solo nos proveen estad\u00edsticas de los visitantes.<\/p>\t\t\t\t\t\t<\/div>\n\t\t\t\t<\/div>\n\t\t\t\t<div class=\"elementor-element elementor-element-6bf4603 elementor-widget elementor-widget-image\" data-id=\"6bf4603\" data-element_type=\"widget\" data-widget_type=\"image.default\">\n\t\t\t\t<div class=\"elementor-widget-container\">\n\t\t\t<style>\/*! elementor - v3.21.0 - 26-05-2024 *\/\n.elementor-widget-image{text-align:center}.elementor-widget-image a{display:inline-block}.elementor-widget-image a img[src$=\".svg\"]{width:48px}.elementor-widget-image img{vertical-align:middle;display:inline-block}<\/style>\t\t\t\t\t\t\t\t\t\t<img fetchpriority=\"high\" decoding=\"async\" width=\"796\" height=\"471\" src=\"https:\/\/freightol.com\/wp-content\/uploads\/2022\/07\/tabla.png\" class=\"attachment-large size-large wp-image-890\" alt=\"\" srcset=\"https:\/\/freightol.com\/wp-content\/uploads\/2022\/07\/tabla.png 796w, https:\/\/freightol.com\/wp-content\/uploads\/2022\/07\/tabla-300x178.png 300w, https:\/\/freightol.com\/wp-content\/uploads\/2022\/07\/tabla-768x454.png 768w\" sizes=\"(max-width: 796px) 100vw, 796px\" \/>\t\t\t\t\t\t\t\t\t\t\t\t\t<\/div>\n\t\t\t\t<\/div>\n\t\t\t\t<div class=\"elementor-element elementor-element-9803a80 elementor-widget elementor-widget-heading\" data-id=\"9803a80\" data-element_type=\"widget\" data-widget_type=\"heading.default\">\n\t\t\t\t<div class=\"elementor-widget-container\">\n\t\t\t<h2 class=\"elementor-heading-title elementor-size-default\">SALVAGUARDIAS DE PROTECCI\u00d3N<\/h2>\t\t<\/div>\n\t\t\t\t<\/div>\n\t\t\t\t<div class=\"elementor-element elementor-element-916ec32 elementor-widget elementor-widget-text-editor\" data-id=\"916ec32\" data-element_type=\"widget\" data-widget_type=\"text-editor.default\">\n\t\t\t\t<div class=\"elementor-widget-container\">\n\t\t\t\t\t\t\t<p>El usuario puede configurar su navegador para aceptar, o no, las cookies que recibe o para que el navegador le avise cuando un servidor quiera guardar una cookie o borrarlas de su ordenador. Puede encontrar las instrucciones en la configuraci\u00f3n de seguridad en su navegador Web.<br \/><br \/>Ejemplos:<br \/><br \/><\/p>\n<ul>\n<li>Si utiliza Microsoft Internet Explorer, en la opci\u00f3n de men\u00fa Herramientas &gt; Opciones de Internet &gt; Privacidad &gt; Configuraci\u00f3n.<\/li>\n<li>Si utiliza Firefox, en la opci\u00f3n de men\u00fa Herramientas &gt; Opciones &gt; Privacidad &gt; Cookies.<\/li>\n<li>Si utiliza Google Chrome, en la opci\u00f3n de men\u00fa Configuraci\u00f3n &gt; Privacidad.<\/li>\n<li>Si utiliza Safari, en la opci\u00f3n de men\u00fa Preferencias &gt; Seguridad<br \/><br \/>Puede hacer uso de la secci\u00f3n \u201cAyuda\u201d que encontrar\u00e1 en la barra de herramientas de la mayor\u00eda de navegadores para cambiar los ajustes de su ordenador, sin embargo, algunas de las caracter\u00edsticas de nuestros servicios online pueden no funcionar o pueden resultar m\u00e1s complicadas de acceder si rechaza todas las cookies.<br \/><br \/>Muchos navegadores permiten activar un modo privado mediante el cual las cookies se borran siempre despu\u00e9s de su visita. Dependiendo de cada navegador, este modo privado puede tener diferentes nombres, abajo puede encontrar una lista de los navegadores m\u00e1s comunes y los diferentes nombres de este \u201cmodo privado\u201d:<\/li>\n<\/ul>\n<p>\u00a0<\/p>\n<ul>\n<li>Internet Explorer 8 y superior: InPrivate<\/li>\n<li>FireFox 3.5 y superior: Navegaci\u00f3n Privada<\/li>\n<li>Google Chrome 10 y superior: Inc\u00f3gnito<\/li>\n<li>Safari 2 y superior: Navegaci\u00f3n Privada<\/li>\n<li>Opera 10.5 y superior: Navegaci\u00f3n Privada<br \/><br \/>Por favor, lea atentamente la secci\u00f3n de ayuda de su navegador para conocer m\u00e1s acerca de como activar el \u201cmodo privado\u201d. Podr\u00e1 seguir visitando nuestra Web aunque su navegador est\u00e9 en \u201cmodo privado\u201d, no obstante, la experiencia de usuario puede no ser \u00f3ptima y algunas utilidades pueden no funcionar.<br \/><br \/>FREIGHTOL, S.L le agradece que active la aceptaci\u00f3n de cookies, esto nos ayuda a obtener datos m\u00e1s precisos que nos permiten mejorar el contenido y el dise\u00f1o de nuestra p\u00e1gina Web para adaptarlo a sus preferencias.<\/li>\n<\/ul>\t\t\t\t\t\t<\/div>\n\t\t\t\t<\/div>\n\t\t\t\t\t<\/div>\n\t\t<\/div>\n\t\t\t\t\t<\/div>\n\t\t<\/section>\n\t\t\t\t<\/div>","protected":false},"excerpt":{"rendered":"<p>Pol\u00edtica de cookies La presente pol\u00edtica de cookies tiene como objetivo ayudarte a comprender el uso que hace nuestra web de las cookies (o tecnolog\u00eda similar), la finalidad de las mismas, as\u00ed como de las opciones que, como usuario, tienes a tu disposici\u00f3n para gestionarlas o rechazarlas. Esta pol\u00edtica puede estar sujeta a actualizaciones peri\u00f3dicas. [&hellip;]<\/p>","protected":false},"author":2,"featured_media":0,"parent":0,"menu_order":0,"comment_status":"closed","ping_status":"open","template":"","meta":{"content-type":"","footnotes":""},"class_list":["post-3","page","type-page","status-publish","hentry"],"yoast_head":"<!-- This site is optimized with the Yoast SEO plugin v20.3 - https:\/\/yoast.com\/wordpress\/plugins\/seo\/ -->\n<title>Privacy Policy - FREIGHTOL<\/title>\n<meta name=\"robots\" content=\"index, follow, max-snippet:-1, max-image-preview:large, max-video-preview:-1\" \/>\n<link rel=\"canonical\" href=\"https:\/\/freightol.com\/en\/privacy-policy\/\" \/>\n<meta property=\"og:locale\" content=\"en_US\" \/>\n<meta property=\"og:type\" content=\"article\" \/>\n<meta property=\"og:title\" content=\"Privacy Policy - FREIGHTOL\" \/>\n<meta property=\"og:description\" content=\"Pol\u00edtica de cookies La presente pol\u00edtica de cookies tiene como objetivo ayudarte a comprender el uso que hace nuestra web de las cookies (o tecnolog\u00eda similar), la finalidad de las mismas, as\u00ed como de las opciones que, como usuario, tienes a tu disposici\u00f3n para gestionarlas o rechazarlas. Esta pol\u00edtica puede estar sujeta a actualizaciones peri\u00f3dicas. [&hellip;]\" \/>\n<meta property=\"og:url\" content=\"https:\/\/freightol.com\/en\/privacy-policy\/\" \/>\n<meta property=\"og:site_name\" content=\"FREIGHTOL\" \/>\n<meta property=\"article:modified_time\" content=\"2022-07-18T17:34:43+00:00\" \/>\n<meta property=\"og:image\" content=\"https:\/\/freightol.com\/wp-content\/uploads\/2022\/07\/tabla.png\" \/>\n<meta name=\"twitter:card\" content=\"summary_large_image\" \/>\n<meta name=\"twitter:label1\" content=\"Est. reading time\" \/>\n\t<meta name=\"twitter:data1\" content=\"4 minutes\" \/>\n<script type=\"application\/ld+json\" class=\"yoast-schema-graph\">{\"@context\":\"https:\/\/schema.org\",\"@graph\":[{\"@type\":\"WebPage\",\"@id\":\"https:\/\/freightol.com\/privacy-policy\/\",\"url\":\"https:\/\/freightol.com\/privacy-policy\/\",\"name\":\"Privacy Policy - FREIGHTOL\",\"isPartOf\":{\"@id\":\"https:\/\/freightol.com\/#website\"},\"datePublished\":\"2022-07-07T10:51:18+00:00\",\"dateModified\":\"2022-07-18T17:34:43+00:00\",\"breadcrumb\":{\"@id\":\"https:\/\/freightol.com\/privacy-policy\/#breadcrumb\"},\"inLanguage\":\"en-US\",\"potentialAction\":[{\"@type\":\"ReadAction\",\"target\":[\"https:\/\/freightol.com\/privacy-policy\/\"]}]},{\"@type\":\"BreadcrumbList\",\"@id\":\"https:\/\/freightol.com\/privacy-policy\/#breadcrumb\",\"itemListElement\":[{\"@type\":\"ListItem\",\"position\":1,\"name\":\"Portada\",\"item\":\"https:\/\/freightol.com\/\"},{\"@type\":\"ListItem\",\"position\":2,\"name\":\"Privacy Policy\"}]},{\"@type\":\"WebSite\",\"@id\":\"https:\/\/freightol.com\/#website\",\"url\":\"https:\/\/freightol.com\/\",\"name\":\"FREIGHTOL\",\"description\":\"FREIGHTOL\",\"publisher\":{\"@id\":\"https:\/\/freightol.com\/#organization\"},\"potentialAction\":[{\"@type\":\"SearchAction\",\"target\":{\"@type\":\"EntryPoint\",\"urlTemplate\":\"https:\/\/freightol.com\/?s={search_term_string}\"},\"query-input\":\"required name=search_term_string\"}],\"inLanguage\":\"en-US\"},{\"@type\":\"Organization\",\"@id\":\"https:\/\/freightol.com\/#organization\",\"name\":\"FREIGHTOL\",\"url\":\"https:\/\/freightol.com\/\",\"logo\":{\"@type\":\"ImageObject\",\"inLanguage\":\"en-US\",\"@id\":\"https:\/\/freightol.com\/#\/schema\/logo\/image\/\",\"url\":\"https:\/\/freightol.com\/wp-content\/uploads\/2022\/07\/Freightol-Logo-tagline2.png\",\"contentUrl\":\"https:\/\/freightol.com\/wp-content\/uploads\/2022\/07\/Freightol-Logo-tagline2.png\",\"width\":1890,\"height\":657,\"caption\":\"FREIGHTOL\"},\"image\":{\"@id\":\"https:\/\/freightol.com\/#\/schema\/logo\/image\/\"}}]}<\/script>\n<!-- \/ Yoast SEO plugin. -->","yoast_head_json":{"title":"Privacy Policy - FREIGHTOL","robots":{"index":"index","follow":"follow","max-snippet":"max-snippet:-1","max-image-preview":"max-image-preview:large","max-video-preview":"max-video-preview:-1"},"canonical":"https:\/\/freightol.com\/en\/privacy-policy\/","og_locale":"en_US","og_type":"article","og_title":"Privacy Policy - FREIGHTOL","og_description":"Pol\u00edtica de cookies La presente pol\u00edtica de cookies tiene como objetivo ayudarte a comprender el uso que hace nuestra web de las cookies (o tecnolog\u00eda similar), la finalidad de las mismas, as\u00ed como de las opciones que, como usuario, tienes a tu disposici\u00f3n para gestionarlas o rechazarlas. Esta pol\u00edtica puede estar sujeta a actualizaciones peri\u00f3dicas. [&hellip;]","og_url":"https:\/\/freightol.com\/en\/privacy-policy\/","og_site_name":"FREIGHTOL","article_modified_time":"2022-07-18T17:34:43+00:00","og_image":[{"url":"https:\/\/freightol.com\/wp-content\/uploads\/2022\/07\/tabla.png"}],"twitter_card":"summary_large_image","twitter_misc":{"Est. reading time":"4 minutes"},"schema":{"@context":"https:\/\/schema.org","@graph":[{"@type":"WebPage","@id":"https:\/\/freightol.com\/privacy-policy\/","url":"https:\/\/freightol.com\/privacy-policy\/","name":"Privacy Policy - FREIGHTOL","isPartOf":{"@id":"https:\/\/freightol.com\/#website"},"datePublished":"2022-07-07T10:51:18+00:00","dateModified":"2022-07-18T17:34:43+00:00","breadcrumb":{"@id":"https:\/\/freightol.com\/privacy-policy\/#breadcrumb"},"inLanguage":"en-US","potentialAction":[{"@type":"ReadAction","target":["https:\/\/freightol.com\/privacy-policy\/"]}]},{"@type":"BreadcrumbList","@id":"https:\/\/freightol.com\/privacy-policy\/#breadcrumb","itemListElement":[{"@type":"ListItem","position":1,"name":"Portada","item":"https:\/\/freightol.com\/"},{"@type":"ListItem","position":2,"name":"Privacy Policy"}]},{"@type":"WebSite","@id":"https:\/\/freightol.com\/#website","url":"https:\/\/freightol.com\/","name":"FREIGHTOL","description":"FREIGHTOL","publisher":{"@id":"https:\/\/freightol.com\/#organization"},"potentialAction":[{"@type":"SearchAction","target":{"@type":"EntryPoint","urlTemplate":"https:\/\/freightol.com\/?s={search_term_string}"},"query-input":"required name=search_term_string"}],"inLanguage":"en-US"},{"@type":"Organization","@id":"https:\/\/freightol.com\/#organization","name":"FREIGHTOL","url":"https:\/\/freightol.com\/","logo":{"@type":"ImageObject","inLanguage":"en-US","@id":"https:\/\/freightol.com\/#\/schema\/logo\/image\/","url":"https:\/\/freightol.com\/wp-content\/uploads\/2022\/07\/Freightol-Logo-tagline2.png","contentUrl":"https:\/\/freightol.com\/wp-content\/uploads\/2022\/07\/Freightol-Logo-tagline2.png","width":1890,"height":657,"caption":"FREIGHTOL"},"image":{"@id":"https:\/\/freightol.com\/#\/schema\/logo\/image\/"}}]}},"_links":{"self":[{"href":"https:\/\/freightol.com\/en\/wp-json\/wp\/v2\/pages\/3","targetHints":{"allow":["GET"]}}],"collection":[{"href":"https:\/\/freightol.com\/en\/wp-json\/wp\/v2\/pages"}],"about":[{"href":"https:\/\/freightol.com\/en\/wp-json\/wp\/v2\/types\/page"}],"author":[{"embeddable":true,"href":"https:\/\/freightol.com\/en\/wp-json\/wp\/v2\/users\/2"}],"replies":[{"embeddable":true,"href":"https:\/\/freightol.com\/en\/wp-json\/wp\/v2\/comments?post=3"}],"version-history":[{"count":9,"href":"https:\/\/freightol.com\/en\/wp-json\/wp\/v2\/pages\/3\/revisions"}],"predecessor-version":[{"id":899,"href":"https:\/\/freightol.com\/en\/wp-json\/wp\/v2\/pages\/3\/revisions\/899"}],"wp:attachment":[{"href":"https:\/\/freightol.com\/en\/wp-json\/wp\/v2\/media?parent=3"}],"curies":[{"name":"wp","href":"https:\/\/api.w.org\/{rel}","templated":true}]}}